{"id":782,"date":"2019-11-15T07:32:55","date_gmt":"2019-11-15T07:32:55","guid":{"rendered":"https:\/\/demo.casethemes.net\/consultio-digital-marketing\/?post_type=product&#038;p=782"},"modified":"2024-01-26T12:44:07","modified_gmt":"2024-01-26T12:44:07","slug":"cosmetics-folding-box","status":"publish","type":"product","link":"https:\/\/marinbasim.com\/tr\/urun\/cosmetics-folding-box\/","title":{"rendered":"Kozmetik Kutular"},"content":{"rendered":"<p>Kozmetik sekt\u00f6r\u00fc t\u00fcm canl\u0131l\u0131\u011f\u0131 ve dinamizmi ile bizleri i\u00e7ine al\u0131yor. Kaliteli ve \u00e7ekici \u00fcretimlerimiz ile \u00fcr\u00fcnleriniz g\u00f6r\u00fcn\u00fcmlerini g\u00fc\u00e7lendirecek ve rakiplerine kar\u015f\u0131 farlar\u0131n\u0131 ortaya \u00e7\u0131karacakt\u0131r.<\/p>","protected":false},"excerpt":{"rendered":"<p>Kozmetik sekt\u00f6r\u00fc t\u00fcm canl\u0131l\u0131\u011f\u0131 ve dinamizmi ile bizleri i\u00e7ine al\u0131yor. Kaliteli ve \u00e7ekici \u00fcretimlerimiz ile \u00fcr\u00fcnleriniz g\u00f6r\u00fcn\u00fcmlerini g\u00fc\u00e7lendirecek ve rakiplerine kar\u015f\u0131 farlar\u0131n\u0131 ortaya \u00e7\u0131karacakt\u0131r.<\/p>","protected":false},"featured_media":7308,"comment_status":"closed","ping_status":"closed","template":"","meta":[],"product_brand":[],"product_cat":[56],"product_tag":[58,57,59],"class_list":{"0":"post-782","1":"product","2":"type-product","3":"status-publish","4":"has-post-thumbnail","6":"product_cat-cosmetics","7":"product_tag-box","8":"product_tag-cosmetics","9":"product_tag-packaging","11":"first","12":"instock","13":"shipping-taxable","14":"product-type-simple"},"_links":{"self":[{"href":"https:\/\/marinbasim.com\/tr\/wp-json\/wp\/v2\/product\/782","targetHints":{"allow":["GET"]}}],"collection":[{"href":"https:\/\/marinbasim.com\/tr\/wp-json\/wp\/v2\/product"}],"about":[{"href":"https:\/\/marinbasim.com\/tr\/wp-json\/wp\/v2\/types\/product"}],"replies":[{"embeddable":true,"href":"https:\/\/marinbasim.com\/tr\/wp-json\/wp\/v2\/comments?post=782"}],"wp:featuredmedia":[{"embeddable":true,"href":"https:\/\/marinbasim.com\/tr\/wp-json\/wp\/v2\/media\/7308"}],"wp:attachment":[{"href":"https:\/\/marinbasim.com\/tr\/wp-json\/wp\/v2\/media?parent=782"}],"wp:term":[{"taxonomy":"product_brand","embeddable":true,"href":"https:\/\/marinbasim.com\/tr\/wp-json\/wp\/v2\/product_brand?post=782"},{"taxonomy":"product_cat","embeddable":true,"href":"https:\/\/marinbasim.com\/tr\/wp-json\/wp\/v2\/product_cat?post=782"},{"taxonomy":"product_tag","embeddable":true,"href":"https:\/\/marinbasim.com\/tr\/wp-json\/wp\/v2\/product_tag?post=782"}],"curies":[{"name":"wp","href":"https:\/\/api.w.org\/{rel}","templated":true}]}}