{"id":7359,"date":"2021-11-03T11:47:58","date_gmt":"2021-11-03T11:47:58","guid":{"rendered":"http:\/\/marinbasim.com\/?post_type=product&#038;p=7359"},"modified":"2024-01-26T12:43:34","modified_gmt":"2024-01-26T12:43:34","slug":"food-boxes","status":"publish","type":"product","link":"https:\/\/marinbasim.com\/tr\/urun\/food-boxes\/","title":{"rendered":"G\u0131da Kutular\u0131"},"content":{"rendered":"<p>G\u0131da sekt\u00f6r\u00fc, bir\u00e7ok farkl\u0131 dinami\u011fi b\u00fcnyesinde bar\u0131nd\u0131ran ve bir\u00e7ok farkl\u0131 sekt\u00f6rle ili\u015fkilendirebilece\u011fimiz \u00f6nemli bir sekt\u00f6r olarak pazarda yerini almaktad\u0131r. G\u0131da \u00fcr\u00fcnlerinin ambalajlanma s\u00fcreci hem g\u00f6rsel destek hem de hijyenik ko\u015fullar a\u00e7\u0131s\u0131ndan olduk\u00e7a \u00f6nemlidir. Marin Matbaac\u0131l\u0131k olarak bizler, hijyen politikam\u0131zla sizlere en iyi tasar\u0131m\u0131 sunmak ve size \u00f6zel bir \u00fcretim sa\u011flamak i\u00e7in bu hassasiyeti \u00f6nceli\u011fimiz haline getirdik.<\/p>","protected":false},"excerpt":{"rendered":"<p>G\u0131da sekt\u00f6r\u00fc, bir\u00e7ok farkl\u0131 dinami\u011fi b\u00fcnyesinde bar\u0131nd\u0131ran ve bir\u00e7ok farkl\u0131 sekt\u00f6rle ili\u015fkilendirebilece\u011fimiz \u00f6nemli bir sekt\u00f6r olarak pazarda yerini almaktad\u0131r. G\u0131da \u00fcr\u00fcnlerinin ambalajlanma s\u00fcreci hem g\u00f6rsel destek hem de hijyenik ko\u015fullar a\u00e7\u0131s\u0131ndan olduk\u00e7a \u00f6nemlidir. Marin Matbaac\u0131l\u0131k olarak bizler, hijyen politikam\u0131zla sizlere en iyi tasar\u0131m\u0131 sunmak ve size \u00f6zel bir \u00fcretim sa\u011flamak i\u00e7in bu hassasiyeti \u00f6nceli\u011fimiz haline getirdik.<\/p>","protected":false},"featured_media":7325,"comment_status":"closed","ping_status":"closed","template":"","meta":[],"product_brand":[],"product_cat":[62],"product_tag":[58,72,59],"class_list":{"0":"post-7359","1":"product","2":"type-product","3":"status-publish","4":"has-post-thumbnail","6":"product_cat-food","7":"product_tag-box","8":"product_tag-food-boxes","9":"product_tag-packaging","11":"first","12":"instock","13":"shipping-taxable","14":"product-type-simple"},"_links":{"self":[{"href":"https:\/\/marinbasim.com\/tr\/wp-json\/wp\/v2\/product\/7359","targetHints":{"allow":["GET"]}}],"collection":[{"href":"https:\/\/marinbasim.com\/tr\/wp-json\/wp\/v2\/product"}],"about":[{"href":"https:\/\/marinbasim.com\/tr\/wp-json\/wp\/v2\/types\/product"}],"replies":[{"embeddable":true,"href":"https:\/\/marinbasim.com\/tr\/wp-json\/wp\/v2\/comments?post=7359"}],"wp:featuredmedia":[{"embeddable":true,"href":"https:\/\/marinbasim.com\/tr\/wp-json\/wp\/v2\/media\/7325"}],"wp:attachment":[{"href":"https:\/\/marinbasim.com\/tr\/wp-json\/wp\/v2\/media?parent=7359"}],"wp:term":[{"taxonomy":"product_brand","embeddable":true,"href":"https:\/\/marinbasim.com\/tr\/wp-json\/wp\/v2\/product_brand?post=7359"},{"taxonomy":"product_cat","embeddable":true,"href":"https:\/\/marinbasim.com\/tr\/wp-json\/wp\/v2\/product_cat?post=7359"},{"taxonomy":"product_tag","embeddable":true,"href":"https:\/\/marinbasim.com\/tr\/wp-json\/wp\/v2\/product_tag?post=7359"}],"curies":[{"name":"wp","href":"https:\/\/api.w.org\/{rel}","templated":true}]}}