{"id":7358,"date":"2021-11-03T11:47:56","date_gmt":"2021-11-03T11:47:56","guid":{"rendered":"http:\/\/marinbasim.com\/?post_type=product&#038;p=7358"},"modified":"2024-01-26T12:44:07","modified_gmt":"2024-01-26T12:44:07","slug":"electronic-accessory-boxes","status":"publish","type":"product","link":"https:\/\/marinbasim.com\/tr\/urun\/electronic-accessory-boxes\/","title":{"rendered":"Elektronik Aksesuar Kutular\u0131"},"content":{"rendered":"<p>Elektronik \u00fcr\u00fcn aksesuarlar\u0131n\u0131n m\u00fc\u015fterilere sunulmas\u0131nda tasar\u0131m kalitesini en iyi seviyede tutmak; \u00dcr\u00fcnlerinizin pazarlama s\u00fcrecinde sizi \u00f6n planda tutacak ve rakiplerinizle m\u00fccadelenizde avantaj sa\u011flayacak \u00f6nemli noktalardan biridir. Bu s\u00fcre\u00e7te tarama kalitemiz ve size sunaca\u011f\u0131m\u0131z se\u00e7enekler ile markan\u0131za daha iyi bir dokunu\u015f kazand\u0131raca\u011f\u0131z. Aksesuar \u00fcr\u00fcnlerinizi m\u00fc\u015fterilerinize en iyi \u015fekilde sunman\u0131zda \u00fcretim performans\u0131m\u0131z \u00e7ok \u00f6nemli rol oynayacak ve bizimle \u00e7al\u0131\u015ft\u0131\u011f\u0131n\u0131za pi\u015fman olmayacaks\u0131n\u0131z.\nKaliteli paketleme, zaman\u0131nda teslimat ve rekabet\u00e7i fiyat politikam\u0131z ile sizlere hizmet vermek i\u00e7in \u00e7ok yak\u0131n\u0131z.<br \/>\nWe are very close to you to serve you with our quality packaging, timely delivery and competitive price policy.<\/p>","protected":false},"excerpt":{"rendered":"<p>Elektronik \u00fcr\u00fcn aksesuarlar\u0131n\u0131n m\u00fc\u015fterilere sunulmas\u0131nda tasar\u0131m kalitesini en iyi seviyede tutmak; \u00dcr\u00fcnlerinizin pazarlama s\u00fcrecinde sizi \u00f6n planda tutacak ve rakiplerinizle m\u00fccadelenizde avantaj sa\u011flayacak \u00f6nemli noktalardan biridir. Bu s\u00fcre\u00e7te tarama kalitemiz ve size sunaca\u011f\u0131m\u0131z se\u00e7enekler ile markan\u0131za daha iyi bir dokunu\u015f kazand\u0131raca\u011f\u0131z. Aksesuar \u00fcr\u00fcnlerinizi m\u00fc\u015fterilerinize en iyi \u015fekilde sunman\u0131zda \u00fcretim performans\u0131m\u0131z \u00e7ok \u00f6nemli rol oynayacak ve bizimle \u00e7al\u0131\u015ft\u0131\u011f\u0131n\u0131za pi\u015fman olmayacaks\u0131n\u0131z.\nKaliteli paketleme, zaman\u0131nda teslimat ve rekabet\u00e7i fiyat politikam\u0131z ile sizlere hizmet vermek i\u00e7in \u00e7ok yak\u0131n\u0131z.<br \/>\nWe are very close to you to serve you with our quality packaging, timely delivery and competitive price policy.<\/p>","protected":false},"featured_media":7310,"comment_status":"closed","ping_status":"closed","template":"","meta":[],"product_brand":[],"product_cat":[70],"product_tag":[58,71,59],"class_list":{"0":"post-7358","1":"product","2":"type-product","3":"status-publish","4":"has-post-thumbnail","6":"product_cat-electronic-accessory","7":"product_tag-box","8":"product_tag-electronic-accessory-boxes","9":"product_tag-packaging","11":"first","12":"instock","13":"shipping-taxable","14":"product-type-simple"},"_links":{"self":[{"href":"https:\/\/marinbasim.com\/tr\/wp-json\/wp\/v2\/product\/7358","targetHints":{"allow":["GET"]}}],"collection":[{"href":"https:\/\/marinbasim.com\/tr\/wp-json\/wp\/v2\/product"}],"about":[{"href":"https:\/\/marinbasim.com\/tr\/wp-json\/wp\/v2\/types\/product"}],"replies":[{"embeddable":true,"href":"https:\/\/marinbasim.com\/tr\/wp-json\/wp\/v2\/comments?post=7358"}],"wp:featuredmedia":[{"embeddable":true,"href":"https:\/\/marinbasim.com\/tr\/wp-json\/wp\/v2\/media\/7310"}],"wp:attachment":[{"href":"https:\/\/marinbasim.com\/tr\/wp-json\/wp\/v2\/media?parent=7358"}],"wp:term":[{"taxonomy":"product_brand","embeddable":true,"href":"https:\/\/marinbasim.com\/tr\/wp-json\/wp\/v2\/product_brand?post=7358"},{"taxonomy":"product_cat","embeddable":true,"href":"https:\/\/marinbasim.com\/tr\/wp-json\/wp\/v2\/product_cat?post=7358"},{"taxonomy":"product_tag","embeddable":true,"href":"https:\/\/marinbasim.com\/tr\/wp-json\/wp\/v2\/product_tag?post=7358"}],"curies":[{"name":"wp","href":"https:\/\/api.w.org\/{rel}","templated":true}]}}