{"id":7357,"date":"2021-11-03T11:47:55","date_gmt":"2021-11-03T11:47:55","guid":{"rendered":"http:\/\/marinbasim.com\/?post_type=product&#038;p=7357"},"modified":"2024-01-26T12:43:59","modified_gmt":"2024-01-26T12:43:59","slug":"textile-boxes","status":"publish","type":"product","link":"https:\/\/marinbasim.com\/tr\/urun\/textile-boxes\/","title":{"rendered":"Tekstil Kutular\u0131"},"content":{"rendered":"<p>\u00d6zel \u00fcretimler ve \u00fcretim \u00e7e\u015fitlili\u011fimiz ile tekstil \u00fcretimindeki rol\u00fcm\u00fcz\u00fc korumaya devam ediyoruz. Ba\u015fta i\u00e7 giyim ve \u00e7orap \u00fcretimi yapanlar olmak \u00fczere farkl\u0131 alanlardaki \u00fcreticilere \u00f6zel ve rekabet\u00e7i fiyat\u0131m\u0131zla cevap veriyoruz.<\/p>","protected":false},"excerpt":{"rendered":"<p>\u00d6zel \u00fcretimler ve \u00fcretim \u00e7e\u015fitlili\u011fimiz ile tekstil \u00fcretimindeki rol\u00fcm\u00fcz\u00fc korumaya devam ediyoruz. Ba\u015fta i\u00e7 giyim ve \u00e7orap \u00fcretimi yapanlar olmak \u00fczere farkl\u0131 alanlardaki \u00fcreticilere \u00f6zel ve rekabet\u00e7i fiyat\u0131m\u0131zla cevap veriyoruz.<\/p>","protected":false},"featured_media":7315,"comment_status":"closed","ping_status":"closed","template":"","meta":[],"product_brand":[],"product_cat":[69],"product_tag":[58,59,68],"class_list":{"0":"post-7357","1":"product","2":"type-product","3":"status-publish","4":"has-post-thumbnail","6":"product_cat-textile","7":"product_tag-box","8":"product_tag-packaging","9":"product_tag-textile-boxes","11":"first","12":"instock","13":"shipping-taxable","14":"product-type-simple"},"_links":{"self":[{"href":"https:\/\/marinbasim.com\/tr\/wp-json\/wp\/v2\/product\/7357","targetHints":{"allow":["GET"]}}],"collection":[{"href":"https:\/\/marinbasim.com\/tr\/wp-json\/wp\/v2\/product"}],"about":[{"href":"https:\/\/marinbasim.com\/tr\/wp-json\/wp\/v2\/types\/product"}],"replies":[{"embeddable":true,"href":"https:\/\/marinbasim.com\/tr\/wp-json\/wp\/v2\/comments?post=7357"}],"wp:featuredmedia":[{"embeddable":true,"href":"https:\/\/marinbasim.com\/tr\/wp-json\/wp\/v2\/media\/7315"}],"wp:attachment":[{"href":"https:\/\/marinbasim.com\/tr\/wp-json\/wp\/v2\/media?parent=7357"}],"wp:term":[{"taxonomy":"product_brand","embeddable":true,"href":"https:\/\/marinbasim.com\/tr\/wp-json\/wp\/v2\/product_brand?post=7357"},{"taxonomy":"product_cat","embeddable":true,"href":"https:\/\/marinbasim.com\/tr\/wp-json\/wp\/v2\/product_cat?post=7357"},{"taxonomy":"product_tag","embeddable":true,"href":"https:\/\/marinbasim.com\/tr\/wp-json\/wp\/v2\/product_tag?post=7357"}],"curies":[{"name":"wp","href":"https:\/\/api.w.org\/{rel}","templated":true}]}}