{"id":7356,"date":"2021-11-03T11:47:52","date_gmt":"2021-11-03T11:47:52","guid":{"rendered":"http:\/\/marinbasim.com\/?post_type=product&#038;p=7356"},"modified":"2024-01-26T12:43:59","modified_gmt":"2024-01-26T12:43:59","slug":"medical-boxes","status":"publish","type":"product","link":"https:\/\/marinbasim.com\/tr\/urun\/medical-boxes\/","title":{"rendered":"Medical Kutular"},"content":{"rendered":"<p>T\u0131bbi malzeme i\u00e7in ihtiyac\u0131n\u0131z olan t\u00fcm malzemeleri sizler i\u00e7in sa\u011fl\u0131yoruz. Ba\u015fta dezenfektan kutular\u0131 ve t\u0131bbi maske kutular\u0131 olmak \u00fczere bir\u00e7ok farkl\u0131 ebat ve miktardaki \u00fcr\u00fcn\u00fc h\u0131zl\u0131 ve hatas\u0131z \u00fcretim performans\u0131 ve zaman\u0131nda teslimat politikam\u0131zla destekleyerek sizlere y\u00fcksek performansl\u0131 hizmet vermekteyiz. H\u0131z\u0131m\u0131z ve kusursuz \u00fcretim performans\u0131m\u0131z ve y\u00fcksek m\u00fc\u015fteri memnuniyeti geri d\u00f6n\u00fc\u015flerimiz ile sa\u011fl\u0131k sekt\u00f6r\u00fcndeki dinamizme ve rekabete uyum sa\u011flayarak yerimizi al\u0131yoruz.<\/p>","protected":false},"excerpt":{"rendered":"<p>T\u0131bbi malzeme i\u00e7in ihtiyac\u0131n\u0131z olan t\u00fcm malzemeleri sizler i\u00e7in sa\u011fl\u0131yoruz. Ba\u015fta dezenfektan kutular\u0131 ve t\u0131bbi maske kutular\u0131 olmak \u00fczere bir\u00e7ok farkl\u0131 ebat ve miktardaki \u00fcr\u00fcn\u00fc h\u0131zl\u0131 ve hatas\u0131z \u00fcretim performans\u0131 ve zaman\u0131nda teslimat politikam\u0131zla destekleyerek sizlere y\u00fcksek performansl\u0131 hizmet vermekteyiz. H\u0131z\u0131m\u0131z ve kusursuz \u00fcretim performans\u0131m\u0131z ve y\u00fcksek m\u00fc\u015fteri memnuniyeti geri d\u00f6n\u00fc\u015flerimiz ile sa\u011fl\u0131k sekt\u00f6r\u00fcndeki dinamizme ve rekabete uyum sa\u011flayarak yerimizi al\u0131yoruz.<\/p>","protected":false},"featured_media":7321,"comment_status":"closed","ping_status":"closed","template":"","meta":[],"product_brand":[],"product_cat":[66],"product_tag":[58,67,59],"class_list":{"0":"post-7356","1":"product","2":"type-product","3":"status-publish","4":"has-post-thumbnail","6":"product_cat-medical","7":"product_tag-box","8":"product_tag-medical-boxes","9":"product_tag-packaging","11":"first","12":"instock","13":"shipping-taxable","14":"product-type-simple"},"_links":{"self":[{"href":"https:\/\/marinbasim.com\/tr\/wp-json\/wp\/v2\/product\/7356","targetHints":{"allow":["GET"]}}],"collection":[{"href":"https:\/\/marinbasim.com\/tr\/wp-json\/wp\/v2\/product"}],"about":[{"href":"https:\/\/marinbasim.com\/tr\/wp-json\/wp\/v2\/types\/product"}],"replies":[{"embeddable":true,"href":"https:\/\/marinbasim.com\/tr\/wp-json\/wp\/v2\/comments?post=7356"}],"wp:featuredmedia":[{"embeddable":true,"href":"https:\/\/marinbasim.com\/tr\/wp-json\/wp\/v2\/media\/7321"}],"wp:attachment":[{"href":"https:\/\/marinbasim.com\/tr\/wp-json\/wp\/v2\/media?parent=7356"}],"wp:term":[{"taxonomy":"product_brand","embeddable":true,"href":"https:\/\/marinbasim.com\/tr\/wp-json\/wp\/v2\/product_brand?post=7356"},{"taxonomy":"product_cat","embeddable":true,"href":"https:\/\/marinbasim.com\/tr\/wp-json\/wp\/v2\/product_cat?post=7356"},{"taxonomy":"product_tag","embeddable":true,"href":"https:\/\/marinbasim.com\/tr\/wp-json\/wp\/v2\/product_tag?post=7356"}],"curies":[{"name":"wp","href":"https:\/\/api.w.org\/{rel}","templated":true}]}}