{"id":7355,"date":"2021-11-03T11:47:50","date_gmt":"2021-11-03T11:47:50","guid":{"rendered":"http:\/\/marinbasim.com\/?post_type=product&#038;p=7355"},"modified":"2024-01-26T12:43:59","modified_gmt":"2024-01-26T12:43:59","slug":"rigid-box","status":"publish","type":"product","link":"https:\/\/marinbasim.com\/tr\/urun\/rigid-box\/","title":{"rendered":"Taslamal\u0131 Kutular"},"content":{"rendered":"<p>Hem tasar\u0131m hem de kullan\u0131m a\u00e7\u0131s\u0131ndan olduk\u00e7a dikkat \u00e7ekici olan ve \u00fcr\u00fcnlerinizin m\u00fc\u015fterilerinize te\u015fhirinde \u00e7ok \u00f6nemli bir yeri olan Rijit Kutular firmam\u0131z taraf\u0131ndan \u00e7ok kaliteli olarak \u00fcretilmekte ve m\u00fc\u015fterilerimizin be\u011fenisine sunulmaktad\u0131r. Rijit Kutular tasar\u0131m a\u00e7\u0131s\u0131ndan olduk\u00e7a be\u011fenilmesine ra\u011fmen hata pay\u0131 olduk\u00e7a y\u00fcksektir ve \u00fcr\u00fcnler be\u011fenilmemektedir. Ancak \u00fcretim kapasitemiz ve hatas\u0131z \u00fcretim oranlar\u0131m\u0131z ile bu \u00fcr\u00fcn grubunun \u00fcretiminde iddial\u0131y\u0131z. Sizlere sundu\u011fumuz \u00fcr\u00fcnlerle hem sizin hem de m\u00fc\u015fterilerinizin memnuniyetini kazanaca\u011f\u0131m\u0131zdan eminiz.<\/p>","protected":false},"excerpt":{"rendered":"<p>Hem tasar\u0131m hem de kullan\u0131m a\u00e7\u0131s\u0131ndan olduk\u00e7a dikkat \u00e7ekici olan ve \u00fcr\u00fcnlerinizin m\u00fc\u015fterilerinize te\u015fhirinde \u00e7ok \u00f6nemli bir yeri olan Rijit Kutular firmam\u0131z taraf\u0131ndan \u00e7ok kaliteli olarak \u00fcretilmekte ve m\u00fc\u015fterilerimizin be\u011fenisine sunulmaktad\u0131r. Rijit Kutular tasar\u0131m a\u00e7\u0131s\u0131ndan olduk\u00e7a be\u011fenilmesine ra\u011fmen hata pay\u0131 olduk\u00e7a y\u00fcksektir ve \u00fcr\u00fcnler be\u011fenilmemektedir. Ancak \u00fcretim kapasitemiz ve hatas\u0131z \u00fcretim oranlar\u0131m\u0131z ile bu \u00fcr\u00fcn grubunun \u00fcretiminde iddial\u0131y\u0131z. Sizlere sundu\u011fumuz \u00fcr\u00fcnlerle hem sizin hem de m\u00fc\u015fterilerinizin memnuniyetini kazanaca\u011f\u0131m\u0131zdan eminiz.<\/p>","protected":false},"featured_media":7312,"comment_status":"closed","ping_status":"closed","template":"","meta":[],"product_brand":[],"product_cat":[64],"product_tag":[58,59,65],"class_list":{"0":"post-7355","1":"product","2":"type-product","3":"status-publish","4":"has-post-thumbnail","6":"product_cat-rigid-box","7":"product_tag-box","8":"product_tag-packaging","9":"product_tag-rigid","11":"first","12":"instock","13":"shipping-taxable","14":"product-type-simple"},"_links":{"self":[{"href":"https:\/\/marinbasim.com\/tr\/wp-json\/wp\/v2\/product\/7355","targetHints":{"allow":["GET"]}}],"collection":[{"href":"https:\/\/marinbasim.com\/tr\/wp-json\/wp\/v2\/product"}],"about":[{"href":"https:\/\/marinbasim.com\/tr\/wp-json\/wp\/v2\/types\/product"}],"replies":[{"embeddable":true,"href":"https:\/\/marinbasim.com\/tr\/wp-json\/wp\/v2\/comments?post=7355"}],"wp:featuredmedia":[{"embeddable":true,"href":"https:\/\/marinbasim.com\/tr\/wp-json\/wp\/v2\/media\/7312"}],"wp:attachment":[{"href":"https:\/\/marinbasim.com\/tr\/wp-json\/wp\/v2\/media?parent=7355"}],"wp:term":[{"taxonomy":"product_brand","embeddable":true,"href":"https:\/\/marinbasim.com\/tr\/wp-json\/wp\/v2\/product_brand?post=7355"},{"taxonomy":"product_cat","embeddable":true,"href":"https:\/\/marinbasim.com\/tr\/wp-json\/wp\/v2\/product_cat?post=7355"},{"taxonomy":"product_tag","embeddable":true,"href":"https:\/\/marinbasim.com\/tr\/wp-json\/wp\/v2\/product_tag?post=7355"}],"curies":[{"name":"wp","href":"https:\/\/api.w.org\/{rel}","templated":true}]}}