{"id":7342,"date":"2021-11-02T11:04:20","date_gmt":"2021-11-02T11:04:20","guid":{"rendered":"http:\/\/marinbasim.com\/?post_type=product&#038;p=7342"},"modified":"2024-01-26T12:43:41","modified_gmt":"2024-01-26T12:43:41","slug":"pharma-box","status":"publish","type":"product","link":"https:\/\/marinbasim.com\/tr\/urun\/pharma-box\/","title":{"rendered":"\u0130la\u00e7 Kutular\u0131"},"content":{"rendered":"<p>Marin Bas\u0131m ve Paketleme \u015eirketi olarak sa\u011fl\u0131k sekt\u00f6r\u00fcne ila\u00e7 \u00fcreten bir\u00e7ok firma ile i\u015f birli\u011fi ve referans \u00e7al\u0131\u015fmalar\u0131 ile sekt\u00f6rdeki yerimizi koruyoruz. Avrupa standartlar\u0131na uygun prosed\u00fcrlerle \u00fcretim yap\u0131yor, rekabet\u00e7i fiyatlar\u0131m\u0131z ile sekt\u00f6rdeki yerimizi koruyoruz.<\/p>","protected":false},"excerpt":{"rendered":"<p>Marin Bas\u0131m ve Paketleme \u015eirketi olarak sa\u011fl\u0131k sekt\u00f6r\u00fcne ila\u00e7 \u00fcreten bir\u00e7ok firma ile i\u015f birli\u011fi ve referans \u00e7al\u0131\u015fmalar\u0131 ile sekt\u00f6rdeki yerimizi koruyoruz. Avrupa standartlar\u0131na uygun prosed\u00fcrlerle \u00fcretim yap\u0131yor, rekabet\u00e7i fiyatlar\u0131m\u0131z ile sekt\u00f6rdeki yerimizi koruyoruz.<\/p>","protected":false},"featured_media":7323,"comment_status":"closed","ping_status":"closed","template":"","meta":[],"product_brand":[],"product_cat":[60],"product_tag":[58,61],"class_list":{"0":"post-7342","1":"product","2":"type-product","3":"status-publish","4":"has-post-thumbnail","6":"product_cat-pharma","7":"product_tag-box","8":"product_tag-pharma","10":"first","11":"instock","12":"shipping-taxable","13":"product-type-simple"},"_links":{"self":[{"href":"https:\/\/marinbasim.com\/tr\/wp-json\/wp\/v2\/product\/7342","targetHints":{"allow":["GET"]}}],"collection":[{"href":"https:\/\/marinbasim.com\/tr\/wp-json\/wp\/v2\/product"}],"about":[{"href":"https:\/\/marinbasim.com\/tr\/wp-json\/wp\/v2\/types\/product"}],"replies":[{"embeddable":true,"href":"https:\/\/marinbasim.com\/tr\/wp-json\/wp\/v2\/comments?post=7342"}],"wp:featuredmedia":[{"embeddable":true,"href":"https:\/\/marinbasim.com\/tr\/wp-json\/wp\/v2\/media\/7323"}],"wp:attachment":[{"href":"https:\/\/marinbasim.com\/tr\/wp-json\/wp\/v2\/media?parent=7342"}],"wp:term":[{"taxonomy":"product_brand","embeddable":true,"href":"https:\/\/marinbasim.com\/tr\/wp-json\/wp\/v2\/product_brand?post=7342"},{"taxonomy":"product_cat","embeddable":true,"href":"https:\/\/marinbasim.com\/tr\/wp-json\/wp\/v2\/product_cat?post=7342"},{"taxonomy":"product_tag","embeddable":true,"href":"https:\/\/marinbasim.com\/tr\/wp-json\/wp\/v2\/product_tag?post=7342"}],"curies":[{"name":"wp","href":"https:\/\/api.w.org\/{rel}","templated":true}]}}