{"id":7328,"date":"2021-10-28T18:09:34","date_gmt":"2021-10-28T18:09:34","guid":{"rendered":"http:\/\/marinbasim.com\/?post_type=product&#038;p=7328"},"modified":"2024-01-26T12:43:49","modified_gmt":"2024-01-26T12:43:49","slug":"food-supplements-box","status":"publish","type":"product","link":"https:\/\/marinbasim.com\/tr\/urun\/food-supplements-box\/","title":{"rendered":"G\u0131da Takviyesi Kutusu"},"content":{"rendered":"<p>Bu alanda iddial\u0131y\u0131z! Marin Printing&amp;Packaging olarak g\u0131da takviyeleri alan\u0131ndaki \u00fcretimlerimizde bir\u00e7ok i\u015fbirliklerinin ve referans \u00e7al\u0131\u015fmalar\u0131n varl\u0131\u011f\u0131ndan g\u00fc\u00e7 al\u0131yoruz. Takviye edici g\u0131da kutular\u0131m\u0131z bir\u00e7ok farkl\u0131 markaya hizmet vermekte ve m\u00fc\u015fterilerinden ald\u0131klar\u0131 be\u011feni ile \u00f6ne \u00e7\u0131kmaktad\u0131r.<\/p>","protected":false},"excerpt":{"rendered":"<p>Bu alanda iddial\u0131y\u0131z! Marin Printing&amp;Packaging olarak g\u0131da takviyeleri alan\u0131ndaki \u00fcretimlerimizde bir\u00e7ok i\u015fbirliklerinin ve referans \u00e7al\u0131\u015fmalar\u0131n varl\u0131\u011f\u0131ndan g\u00fc\u00e7 al\u0131yoruz. Takviye edici g\u0131da kutular\u0131m\u0131z bir\u00e7ok farkl\u0131 markaya hizmet vermekte ve m\u00fc\u015fterilerinden ald\u0131klar\u0131 be\u011feni ile \u00f6ne \u00e7\u0131kmaktad\u0131r.<\/p>","protected":false},"featured_media":7319,"comment_status":"closed","ping_status":"closed","template":"","meta":[],"product_brand":[],"product_cat":[62],"product_tag":[58,63,59],"class_list":{"0":"post-7328","1":"product","2":"type-product","3":"status-publish","4":"has-post-thumbnail","6":"product_cat-food","7":"product_tag-box","8":"product_tag-food","9":"product_tag-packaging","11":"first","12":"instock","13":"shipping-taxable","14":"product-type-simple"},"_links":{"self":[{"href":"https:\/\/marinbasim.com\/tr\/wp-json\/wp\/v2\/product\/7328","targetHints":{"allow":["GET"]}}],"collection":[{"href":"https:\/\/marinbasim.com\/tr\/wp-json\/wp\/v2\/product"}],"about":[{"href":"https:\/\/marinbasim.com\/tr\/wp-json\/wp\/v2\/types\/product"}],"replies":[{"embeddable":true,"href":"https:\/\/marinbasim.com\/tr\/wp-json\/wp\/v2\/comments?post=7328"}],"wp:featuredmedia":[{"embeddable":true,"href":"https:\/\/marinbasim.com\/tr\/wp-json\/wp\/v2\/media\/7319"}],"wp:attachment":[{"href":"https:\/\/marinbasim.com\/tr\/wp-json\/wp\/v2\/media?parent=7328"}],"wp:term":[{"taxonomy":"product_brand","embeddable":true,"href":"https:\/\/marinbasim.com\/tr\/wp-json\/wp\/v2\/product_brand?post=7328"},{"taxonomy":"product_cat","embeddable":true,"href":"https:\/\/marinbasim.com\/tr\/wp-json\/wp\/v2\/product_cat?post=7328"},{"taxonomy":"product_tag","embeddable":true,"href":"https:\/\/marinbasim.com\/tr\/wp-json\/wp\/v2\/product_tag?post=7328"}],"curies":[{"name":"wp","href":"https:\/\/api.w.org\/{rel}","templated":true}]}}